{"id":1101,"date":"2021-04-29T17:00:36","date_gmt":"2021-04-29T15:00:36","guid":{"rendered":"http:\/\/wptf.themepul.com\/restly\/?page_id=1101"},"modified":"2024-02-18T18:29:36","modified_gmt":"2024-02-18T17:29:36","slug":"kontakt","status":"publish","type":"page","link":"https:\/\/www.renarde.sk\/nove\/index.php\/kontakt\/","title":{"rendered":"Kontaktujte n\u00e1s"},"content":{"rendered":"\t\t<div data-elementor-type=\"wp-page\" data-elementor-id=\"1101\" class=\"elementor elementor-1101\">\n\t\t\t\t\t\t<section class=\"elementor-section elementor-top-section elementor-element elementor-element-f5f88f5 elementor-section-boxed elementor-section-height-default elementor-section-height-default\" data-id=\"f5f88f5\" data-element_type=\"section\">\n\t\t\t\t\t\t<div class=\"elementor-container elementor-column-gap-default\">\n\t\t\t\t\t<div class=\"elementor-column elementor-col-100 elementor-top-column elementor-element elementor-element-78df8ba\" data-id=\"78df8ba\" data-element_type=\"column\">\n\t\t\t<div class=\"elementor-widget-wrap elementor-element-populated\">\n\t\t\t\t\t\t<section class=\"elementor-section elementor-inner-section elementor-element elementor-element-11ac7d3 elementor-section-boxed elementor-section-height-default elementor-section-height-default\" data-id=\"11ac7d3\" data-element_type=\"section\">\n\t\t\t\t\t\t<div class=\"elementor-container elementor-column-gap-default\">\n\t\t\t\t\t<div class=\"elementor-column elementor-col-33 elementor-inner-column elementor-element elementor-element-fb517d9\" data-id=\"fb517d9\" data-element_type=\"column\">\n\t\t\t<div class=\"elementor-widget-wrap elementor-element-populated\">\n\t\t\t\t\t\t<div class=\"elementor-element elementor-element-e0d68c8 elementor-widget elementor-widget-restly_contactinfo_box\" data-id=\"e0d68c8\" data-element_type=\"widget\" data-widget_type=\"restly_contactinfo_box.default\">\n\t\t\t\t<div class=\"elementor-widget-container\">\n\t\t\t        <div class=\"restly-contactinfo-box-wrapper\">\r\n            <div class=\"restly-contact-info-box\">\r\n                <div class=\"restly-cinfo-box-icon\">\r\n                    <i class=\"fas fa-map-marked-alt\"><\/i>\r\n                <\/div>\r\n                <div class=\"restly-cinfo-box-dec\">\r\n                    <p>Kupeck\u00e9ho 6623\/2 902 01 Pezinok<\/p>                <\/div>\r\n                            <\/div>\r\n        <\/div>\r\n        \t\t<\/div>\n\t\t\t\t<\/div>\n\t\t\t\t\t<\/div>\n\t\t<\/div>\n\t\t\t\t<div class=\"elementor-column elementor-col-33 elementor-inner-column elementor-element elementor-element-d78bea3\" data-id=\"d78bea3\" data-element_type=\"column\">\n\t\t\t<div class=\"elementor-widget-wrap elementor-element-populated\">\n\t\t\t\t\t\t<div class=\"elementor-element elementor-element-b3e8294 elementor-widget elementor-widget-restly_contactinfo_box\" data-id=\"b3e8294\" data-element_type=\"widget\" data-widget_type=\"restly_contactinfo_box.default\">\n\t\t\t\t<div class=\"elementor-widget-container\">\n\t\t\t        <div class=\"restly-contactinfo-box-wrapper\">\r\n            <div class=\"restly-contact-info-box\">\r\n                <div class=\"restly-cinfo-box-icon\">\r\n                    <i class=\"flaticon flaticon-email\"><\/i>\r\n                <\/div>\r\n                <div class=\"restly-cinfo-box-dec\">\r\n                    <p>info(@)renarde.sk<\/p>                <\/div>\r\n                            <\/div>\r\n        <\/div>\r\n        \t\t<\/div>\n\t\t\t\t<\/div>\n\t\t\t\t\t<\/div>\n\t\t<\/div>\n\t\t\t\t<div class=\"elementor-column elementor-col-33 elementor-inner-column elementor-element elementor-element-36fce3d\" data-id=\"36fce3d\" data-element_type=\"column\">\n\t\t\t<div class=\"elementor-widget-wrap elementor-element-populated\">\n\t\t\t\t\t\t<div class=\"elementor-element elementor-element-0b26d88 elementor-widget elementor-widget-restly_contactinfo_box\" data-id=\"0b26d88\" data-element_type=\"widget\" data-widget_type=\"restly_contactinfo_box.default\">\n\t\t\t\t<div class=\"elementor-widget-container\">\n\t\t\t        <div class=\"restly-contactinfo-box-wrapper\">\r\n            <div class=\"restly-contact-info-box\">\r\n                <div class=\"restly-cinfo-box-icon\">\r\n                    <i class=\"ico ico-phone-handset\"><\/i>\r\n                <\/div>\r\n                <div class=\"restly-cinfo-box-dec\">\r\n                    <p>+421 907 035 035<\/p>                <\/div>\r\n                            <\/div>\r\n        <\/div>\r\n        \t\t<\/div>\n\t\t\t\t<\/div>\n\t\t\t\t\t<\/div>\n\t\t<\/div>\n\t\t\t\t\t<\/div>\n\t\t<\/section>\n\t\t\t\t\t<\/div>\n\t\t<\/div>\n\t\t\t\t\t<\/div>\n\t\t<\/section>\n\t\t\t\t<section class=\"elementor-section elementor-top-section elementor-element elementor-element-e018054 elementor-section-full_width elementor-section-stretched elementor-section-height-default elementor-section-height-default\" data-id=\"e018054\" data-element_type=\"section\" data-settings=\"{&quot;stretch_section&quot;:&quot;section-stretched&quot;}\">\n\t\t\t\t\t\t<div class=\"elementor-container elementor-column-gap-no\">\n\t\t\t\t\t<div class=\"elementor-column elementor-col-100 elementor-top-column elementor-element elementor-element-79c0fd6\" data-id=\"79c0fd6\" data-element_type=\"column\">\n\t\t\t<div class=\"elementor-widget-wrap elementor-element-populated\">\n\t\t\t\t\t\t<div class=\"elementor-element elementor-element-6ca0bfe elementor-widget elementor-widget-google_maps\" data-id=\"6ca0bfe\" data-element_type=\"widget\" data-widget_type=\"google_maps.default\">\n\t\t\t\t<div class=\"elementor-widget-container\">\n\t\t\t<style>\/*! elementor - v3.19.0 - 07-02-2024 *\/\n.elementor-widget-google_maps .elementor-widget-container{overflow:hidden}.elementor-widget-google_maps .elementor-custom-embed{line-height:0}.elementor-widget-google_maps iframe{height:300px}<\/style>\t\t<div class=\"elementor-custom-embed\">\n\t\t\t<iframe loading=\"lazy\"\n\t\t\t\t\tsrc=\"https:\/\/maps.google.com\/maps?q=Kupeck%C3%A9ho%206623%2F2%20902%2001%20Pezinok&#038;t=m&#038;z=12&#038;output=embed&#038;iwloc=near\"\n\t\t\t\t\ttitle=\"Kupeck\u00e9ho 6623\/2 902 01 Pezinok\"\n\t\t\t\t\taria-label=\"Kupeck\u00e9ho 6623\/2 902 01 Pezinok\"\n\t\t\t><\/iframe>\n\t\t<\/div>\n\t\t\t\t<\/div>\n\t\t\t\t<\/div>\n\t\t\t\t\t<\/div>\n\t\t<\/div>\n\t\t\t\t\t<\/div>\n\t\t<\/section>\n\t\t\t\t<\/div>\n\t\t","protected":false},"excerpt":{"rendered":"<p>Kupeck\u00e9ho 6623\/2 902 01 Pezinok info(@)renarde.sk +421 907 035 035<\/p>\n","protected":false},"author":1,"featured_media":0,"parent":0,"menu_order":0,"comment_status":"closed","ping_status":"closed","template":"blank-template.php","meta":{"_monsterinsights_skip_tracking":false,"_monsterinsights_sitenote_active":false,"_monsterinsights_sitenote_note":"","_monsterinsights_sitenote_category":0,"footnotes":""},"class_list":["post-1101","page","type-page","status-publish","hentry"],"yoast_head":"<!-- This site is optimized with the Yoast SEO plugin v20.13 - https:\/\/yoast.com\/wordpress\/plugins\/seo\/ -->\n<title>Kontaktujte n\u00e1s - RENARDE s.r.o.<\/title>\n<meta name=\"robots\" content=\"index, follow, max-snippet:-1, max-image-preview:large, max-video-preview:-1\" \/>\n<link rel=\"canonical\" href=\"https:\/\/www.renarde.sk\/nove\/index.php\/kontakt\/\" \/>\n<meta property=\"og:locale\" content=\"sk_SK\" \/>\n<meta property=\"og:type\" content=\"article\" \/>\n<meta property=\"og:title\" content=\"Kontaktujte n\u00e1s - RENARDE s.r.o.\" \/>\n<meta property=\"og:description\" content=\"Kupeck\u00e9ho 6623\/2 902 01 Pezinok info(@)renarde.sk +421 907 035 035\" \/>\n<meta property=\"og:url\" content=\"https:\/\/www.renarde.sk\/nove\/index.php\/kontakt\/\" \/>\n<meta property=\"og:site_name\" content=\"RENARDE s.r.o.\" \/>\n<meta property=\"article:modified_time\" content=\"2024-02-18T17:29:36+00:00\" \/>\n<meta name=\"twitter:card\" content=\"summary_large_image\" \/>\n<meta name=\"twitter:label1\" content=\"Predpokladan\u00fd \u010das \u010d\u00edtania\" \/>\n\t<meta name=\"twitter:data1\" content=\"1 min\u00fata\" \/>\n<script type=\"application\/ld+json\" class=\"yoast-schema-graph\">{\"@context\":\"https:\/\/schema.org\",\"@graph\":[{\"@type\":\"WebPage\",\"@id\":\"https:\/\/www.renarde.sk\/nove\/index.php\/kontakt\/\",\"url\":\"https:\/\/www.renarde.sk\/nove\/index.php\/kontakt\/\",\"name\":\"Kontaktujte n\u00e1s - RENARDE s.r.o.\",\"isPartOf\":{\"@id\":\"https:\/\/www.renarde.sk\/nove\/#website\"},\"datePublished\":\"2021-04-29T15:00:36+00:00\",\"dateModified\":\"2024-02-18T17:29:36+00:00\",\"breadcrumb\":{\"@id\":\"https:\/\/www.renarde.sk\/nove\/index.php\/kontakt\/#breadcrumb\"},\"inLanguage\":\"sk-SK\",\"potentialAction\":[{\"@type\":\"ReadAction\",\"target\":[\"https:\/\/www.renarde.sk\/nove\/index.php\/kontakt\/\"]}]},{\"@type\":\"BreadcrumbList\",\"@id\":\"https:\/\/www.renarde.sk\/nove\/index.php\/kontakt\/#breadcrumb\",\"itemListElement\":[{\"@type\":\"ListItem\",\"position\":1,\"name\":\"Home\",\"item\":\"https:\/\/www.renarde.sk\/nove\/\"},{\"@type\":\"ListItem\",\"position\":2,\"name\":\"Kontaktujte n\u00e1s\"}]},{\"@type\":\"WebSite\",\"@id\":\"https:\/\/www.renarde.sk\/nove\/#website\",\"url\":\"https:\/\/www.renarde.sk\/nove\/\",\"name\":\"RENARDE s.r.o.\",\"description\":\"IT slu\u017eby\",\"publisher\":{\"@id\":\"https:\/\/www.renarde.sk\/nove\/#organization\"},\"potentialAction\":[{\"@type\":\"SearchAction\",\"target\":{\"@type\":\"EntryPoint\",\"urlTemplate\":\"https:\/\/www.renarde.sk\/nove\/?s={search_term_string}\"},\"query-input\":\"required name=search_term_string\"}],\"inLanguage\":\"sk-SK\"},{\"@type\":\"Organization\",\"@id\":\"https:\/\/www.renarde.sk\/nove\/#organization\",\"name\":\"RENARDE s.r.o.\",\"url\":\"https:\/\/www.renarde.sk\/nove\/\",\"logo\":{\"@type\":\"ImageObject\",\"inLanguage\":\"sk-SK\",\"@id\":\"https:\/\/www.renarde.sk\/nove\/#\/schema\/logo\/image\/\",\"url\":\"https:\/\/www.renarde.sk\/nove\/wp-content\/uploads\/2023\/08\/cropped-logo-e1695207073255.jpg\",\"contentUrl\":\"https:\/\/www.renarde.sk\/nove\/wp-content\/uploads\/2023\/08\/cropped-logo-e1695207073255.jpg\",\"width\":350,\"height\":78,\"caption\":\"RENARDE s.r.o.\"},\"image\":{\"@id\":\"https:\/\/www.renarde.sk\/nove\/#\/schema\/logo\/image\/\"}}]}<\/script>\n<!-- \/ Yoast SEO plugin. -->","yoast_head_json":{"title":"Kontaktujte n\u00e1s - RENARDE s.r.o.","robots":{"index":"index","follow":"follow","max-snippet":"max-snippet:-1","max-image-preview":"max-image-preview:large","max-video-preview":"max-video-preview:-1"},"canonical":"https:\/\/www.renarde.sk\/nove\/index.php\/kontakt\/","og_locale":"sk_SK","og_type":"article","og_title":"Kontaktujte n\u00e1s - RENARDE s.r.o.","og_description":"Kupeck\u00e9ho 6623\/2 902 01 Pezinok info(@)renarde.sk +421 907 035 035","og_url":"https:\/\/www.renarde.sk\/nove\/index.php\/kontakt\/","og_site_name":"RENARDE s.r.o.","article_modified_time":"2024-02-18T17:29:36+00:00","twitter_card":"summary_large_image","twitter_misc":{"Predpokladan\u00fd \u010das \u010d\u00edtania":"1 min\u00fata"},"schema":{"@context":"https:\/\/schema.org","@graph":[{"@type":"WebPage","@id":"https:\/\/www.renarde.sk\/nove\/index.php\/kontakt\/","url":"https:\/\/www.renarde.sk\/nove\/index.php\/kontakt\/","name":"Kontaktujte n\u00e1s - RENARDE s.r.o.","isPartOf":{"@id":"https:\/\/www.renarde.sk\/nove\/#website"},"datePublished":"2021-04-29T15:00:36+00:00","dateModified":"2024-02-18T17:29:36+00:00","breadcrumb":{"@id":"https:\/\/www.renarde.sk\/nove\/index.php\/kontakt\/#breadcrumb"},"inLanguage":"sk-SK","potentialAction":[{"@type":"ReadAction","target":["https:\/\/www.renarde.sk\/nove\/index.php\/kontakt\/"]}]},{"@type":"BreadcrumbList","@id":"https:\/\/www.renarde.sk\/nove\/index.php\/kontakt\/#breadcrumb","itemListElement":[{"@type":"ListItem","position":1,"name":"Home","item":"https:\/\/www.renarde.sk\/nove\/"},{"@type":"ListItem","position":2,"name":"Kontaktujte n\u00e1s"}]},{"@type":"WebSite","@id":"https:\/\/www.renarde.sk\/nove\/#website","url":"https:\/\/www.renarde.sk\/nove\/","name":"RENARDE s.r.o.","description":"IT slu\u017eby","publisher":{"@id":"https:\/\/www.renarde.sk\/nove\/#organization"},"potentialAction":[{"@type":"SearchAction","target":{"@type":"EntryPoint","urlTemplate":"https:\/\/www.renarde.sk\/nove\/?s={search_term_string}"},"query-input":"required name=search_term_string"}],"inLanguage":"sk-SK"},{"@type":"Organization","@id":"https:\/\/www.renarde.sk\/nove\/#organization","name":"RENARDE s.r.o.","url":"https:\/\/www.renarde.sk\/nove\/","logo":{"@type":"ImageObject","inLanguage":"sk-SK","@id":"https:\/\/www.renarde.sk\/nove\/#\/schema\/logo\/image\/","url":"https:\/\/www.renarde.sk\/nove\/wp-content\/uploads\/2023\/08\/cropped-logo-e1695207073255.jpg","contentUrl":"https:\/\/www.renarde.sk\/nove\/wp-content\/uploads\/2023\/08\/cropped-logo-e1695207073255.jpg","width":350,"height":78,"caption":"RENARDE s.r.o."},"image":{"@id":"https:\/\/www.renarde.sk\/nove\/#\/schema\/logo\/image\/"}}]}},"_links":{"self":[{"href":"https:\/\/www.renarde.sk\/nove\/index.php\/wp-json\/wp\/v2\/pages\/1101","targetHints":{"allow":["GET"]}}],"collection":[{"href":"https:\/\/www.renarde.sk\/nove\/index.php\/wp-json\/wp\/v2\/pages"}],"about":[{"href":"https:\/\/www.renarde.sk\/nove\/index.php\/wp-json\/wp\/v2\/types\/page"}],"author":[{"embeddable":true,"href":"https:\/\/www.renarde.sk\/nove\/index.php\/wp-json\/wp\/v2\/users\/1"}],"replies":[{"embeddable":true,"href":"https:\/\/www.renarde.sk\/nove\/index.php\/wp-json\/wp\/v2\/comments?post=1101"}],"version-history":[{"count":6,"href":"https:\/\/www.renarde.sk\/nove\/index.php\/wp-json\/wp\/v2\/pages\/1101\/revisions"}],"predecessor-version":[{"id":7027,"href":"https:\/\/www.renarde.sk\/nove\/index.php\/wp-json\/wp\/v2\/pages\/1101\/revisions\/7027"}],"wp:attachment":[{"href":"https:\/\/www.renarde.sk\/nove\/index.php\/wp-json\/wp\/v2\/media?parent=1101"}],"curies":[{"name":"wp","href":"https:\/\/api.w.org\/{rel}","templated":true}]}}