{"id":7006,"date":"2023-09-20T20:54:18","date_gmt":"2023-09-20T18:54:18","guid":{"rendered":"https:\/\/www.renarde.sk\/nove\/?page_id=7006"},"modified":"2023-09-20T21:20:01","modified_gmt":"2023-09-20T19:20:01","slug":"certifikaty","status":"publish","type":"page","link":"https:\/\/www.renarde.sk\/nove\/index.php\/certifikaty\/","title":{"rendered":"Certifik\u00e1ty"},"content":{"rendered":"\t\t<div data-elementor-type=\"wp-page\" data-elementor-id=\"7006\" class=\"elementor elementor-7006\">\n\t\t\t\t\t\t<section class=\"elementor-section elementor-top-section elementor-element elementor-element-1a40480 elementor-section-boxed elementor-section-height-default elementor-section-height-default\" data-id=\"1a40480\" data-element_type=\"section\">\n\t\t\t\t\t\t<div class=\"elementor-container elementor-column-gap-default\">\n\t\t\t\t\t<div class=\"elementor-column elementor-col-33 elementor-top-column elementor-element elementor-element-12d9bc8\" data-id=\"12d9bc8\" data-element_type=\"column\">\n\t\t\t<div class=\"elementor-widget-wrap elementor-element-populated\">\n\t\t\t\t\t\t<div class=\"elementor-element elementor-element-2e79479 elementor-widget elementor-widget-image\" data-id=\"2e79479\" data-element_type=\"widget\" data-widget_type=\"image.default\">\n\t\t\t\t<div class=\"elementor-widget-container\">\n\t\t\t<style>\/*! elementor - v3.19.0 - 07-02-2024 *\/\n.elementor-widget-image{text-align:center}.elementor-widget-image a{display:inline-block}.elementor-widget-image a img[src$=\".svg\"]{width:48px}.elementor-widget-image img{vertical-align:middle;display:inline-block}<\/style>\t\t\t\t\t\t\t\t\t\t<img fetchpriority=\"high\" decoding=\"async\" width=\"640\" height=\"888\" src=\"https:\/\/www.renarde.sk\/nove\/wp-content\/uploads\/2023\/09\/01-738x1024.jpg\" class=\"attachment-large size-large wp-image-7011\" alt=\"\" srcset=\"https:\/\/www.renarde.sk\/nove\/wp-content\/uploads\/2023\/09\/01-738x1024.jpg 738w, https:\/\/www.renarde.sk\/nove\/wp-content\/uploads\/2023\/09\/01-216x300.jpg 216w, https:\/\/www.renarde.sk\/nove\/wp-content\/uploads\/2023\/09\/01-768x1066.jpg 768w, https:\/\/www.renarde.sk\/nove\/wp-content\/uploads\/2023\/09\/01-600x833.jpg 600w, https:\/\/www.renarde.sk\/nove\/wp-content\/uploads\/2023\/09\/01.jpg 865w\" sizes=\"(max-width: 640px) 100vw, 640px\" \/>\t\t\t\t\t\t\t\t\t\t\t\t\t<\/div>\n\t\t\t\t<\/div>\n\t\t\t\t\t<\/div>\n\t\t<\/div>\n\t\t\t\t<div class=\"elementor-column elementor-col-33 elementor-top-column elementor-element elementor-element-0306776\" data-id=\"0306776\" data-element_type=\"column\">\n\t\t\t<div class=\"elementor-widget-wrap elementor-element-populated\">\n\t\t\t\t\t\t<div class=\"elementor-element elementor-element-f3bd932 elementor-widget__width-initial elementor-widget elementor-widget-image\" data-id=\"f3bd932\" data-element_type=\"widget\" data-widget_type=\"image.default\">\n\t\t\t\t<div class=\"elementor-widget-container\">\n\t\t\t\t\t\t\t\t\t\t\t\t\t<img decoding=\"async\" width=\"934\" height=\"730\" src=\"https:\/\/www.renarde.sk\/nove\/wp-content\/uploads\/2023\/09\/hp.png\" class=\"attachment-1536x1536 size-1536x1536 wp-image-7012\" alt=\"\" srcset=\"https:\/\/www.renarde.sk\/nove\/wp-content\/uploads\/2023\/09\/hp.png 934w, https:\/\/www.renarde.sk\/nove\/wp-content\/uploads\/2023\/09\/hp-300x234.png 300w, https:\/\/www.renarde.sk\/nove\/wp-content\/uploads\/2023\/09\/hp-768x600.png 768w, https:\/\/www.renarde.sk\/nove\/wp-content\/uploads\/2023\/09\/hp-600x469.png 600w\" sizes=\"(max-width: 934px) 100vw, 934px\" \/>\t\t\t\t\t\t\t\t\t\t\t\t\t<\/div>\n\t\t\t\t<\/div>\n\t\t\t\t\t<\/div>\n\t\t<\/div>\n\t\t\t\t<div class=\"elementor-column elementor-col-33 elementor-top-column elementor-element elementor-element-67b7185\" data-id=\"67b7185\" data-element_type=\"column\">\n\t\t\t<div class=\"elementor-widget-wrap elementor-element-populated\">\n\t\t\t\t\t\t<div class=\"elementor-element elementor-element-ae0a484 elementor-widget__width-initial elementor-widget elementor-widget-image\" data-id=\"ae0a484\" data-element_type=\"widget\" data-widget_type=\"image.default\">\n\t\t\t\t<div class=\"elementor-widget-container\">\n\t\t\t\t\t\t\t\t\t\t\t\t\t<img decoding=\"async\" width=\"640\" height=\"451\" src=\"https:\/\/www.renarde.sk\/nove\/wp-content\/uploads\/2023\/09\/eset-1024x721.jpg\" class=\"attachment-large size-large wp-image-7013\" alt=\"\" srcset=\"https:\/\/www.renarde.sk\/nove\/wp-content\/uploads\/2023\/09\/eset-1024x721.jpg 1024w, https:\/\/www.renarde.sk\/nove\/wp-content\/uploads\/2023\/09\/eset-300x211.jpg 300w, https:\/\/www.renarde.sk\/nove\/wp-content\/uploads\/2023\/09\/eset-768x541.jpg 768w, https:\/\/www.renarde.sk\/nove\/wp-content\/uploads\/2023\/09\/eset-600x423.jpg 600w, https:\/\/www.renarde.sk\/nove\/wp-content\/uploads\/2023\/09\/eset.jpg 1096w\" sizes=\"(max-width: 640px) 100vw, 640px\" \/>\t\t\t\t\t\t\t\t\t\t\t\t\t<\/div>\n\t\t\t\t<\/div>\n\t\t\t\t\t<\/div>\n\t\t<\/div>\n\t\t\t\t\t<\/div>\n\t\t<\/section>\n\t\t\t\t<\/div>\n\t\t","protected":false},"excerpt":{"rendered":"","protected":false},"author":1,"featured_media":0,"parent":0,"menu_order":0,"comment_status":"closed","ping_status":"closed","template":"","meta":{"_monsterinsights_skip_tracking":false,"_monsterinsights_sitenote_active":false,"_monsterinsights_sitenote_note":"","_monsterinsights_sitenote_category":0,"footnotes":""},"class_list":["post-7006","page","type-page","status-publish","hentry"],"yoast_head":"<!-- This site is optimized with the Yoast SEO plugin v20.13 - https:\/\/yoast.com\/wordpress\/plugins\/seo\/ -->\n<title>Certifik\u00e1ty - RENARDE s.r.o.<\/title>\n<meta name=\"robots\" content=\"index, follow, max-snippet:-1, max-image-preview:large, max-video-preview:-1\" \/>\n<link rel=\"canonical\" href=\"https:\/\/www.renarde.sk\/nove\/index.php\/certifikaty\/\" \/>\n<meta property=\"og:locale\" content=\"sk_SK\" \/>\n<meta property=\"og:type\" content=\"article\" \/>\n<meta property=\"og:title\" content=\"Certifik\u00e1ty - RENARDE s.r.o.\" \/>\n<meta property=\"og:url\" content=\"https:\/\/www.renarde.sk\/nove\/index.php\/certifikaty\/\" \/>\n<meta property=\"og:site_name\" content=\"RENARDE s.r.o.\" \/>\n<meta property=\"article:modified_time\" content=\"2023-09-20T19:20:01+00:00\" \/>\n<meta property=\"og:image\" content=\"https:\/\/www.renarde.sk\/nove\/wp-content\/uploads\/2023\/09\/01-738x1024.jpg\" \/>\n<meta name=\"twitter:card\" content=\"summary_large_image\" \/>\n<meta name=\"twitter:label1\" content=\"Predpokladan\u00fd \u010das \u010d\u00edtania\" \/>\n\t<meta name=\"twitter:data1\" content=\"1 min\u00fata\" \/>\n<script type=\"application\/ld+json\" class=\"yoast-schema-graph\">{\"@context\":\"https:\/\/schema.org\",\"@graph\":[{\"@type\":\"WebPage\",\"@id\":\"https:\/\/www.renarde.sk\/nove\/index.php\/certifikaty\/\",\"url\":\"https:\/\/www.renarde.sk\/nove\/index.php\/certifikaty\/\",\"name\":\"Certifik\u00e1ty - RENARDE s.r.o.\",\"isPartOf\":{\"@id\":\"https:\/\/www.renarde.sk\/nove\/#website\"},\"datePublished\":\"2023-09-20T18:54:18+00:00\",\"dateModified\":\"2023-09-20T19:20:01+00:00\",\"breadcrumb\":{\"@id\":\"https:\/\/www.renarde.sk\/nove\/index.php\/certifikaty\/#breadcrumb\"},\"inLanguage\":\"sk-SK\",\"potentialAction\":[{\"@type\":\"ReadAction\",\"target\":[\"https:\/\/www.renarde.sk\/nove\/index.php\/certifikaty\/\"]}]},{\"@type\":\"BreadcrumbList\",\"@id\":\"https:\/\/www.renarde.sk\/nove\/index.php\/certifikaty\/#breadcrumb\",\"itemListElement\":[{\"@type\":\"ListItem\",\"position\":1,\"name\":\"Home\",\"item\":\"https:\/\/www.renarde.sk\/nove\/\"},{\"@type\":\"ListItem\",\"position\":2,\"name\":\"Certifik\u00e1ty\"}]},{\"@type\":\"WebSite\",\"@id\":\"https:\/\/www.renarde.sk\/nove\/#website\",\"url\":\"https:\/\/www.renarde.sk\/nove\/\",\"name\":\"RENARDE s.r.o.\",\"description\":\"IT slu\u017eby\",\"publisher\":{\"@id\":\"https:\/\/www.renarde.sk\/nove\/#organization\"},\"potentialAction\":[{\"@type\":\"SearchAction\",\"target\":{\"@type\":\"EntryPoint\",\"urlTemplate\":\"https:\/\/www.renarde.sk\/nove\/?s={search_term_string}\"},\"query-input\":\"required name=search_term_string\"}],\"inLanguage\":\"sk-SK\"},{\"@type\":\"Organization\",\"@id\":\"https:\/\/www.renarde.sk\/nove\/#organization\",\"name\":\"RENARDE s.r.o.\",\"url\":\"https:\/\/www.renarde.sk\/nove\/\",\"logo\":{\"@type\":\"ImageObject\",\"inLanguage\":\"sk-SK\",\"@id\":\"https:\/\/www.renarde.sk\/nove\/#\/schema\/logo\/image\/\",\"url\":\"https:\/\/www.renarde.sk\/nove\/wp-content\/uploads\/2023\/08\/cropped-logo-e1695207073255.jpg\",\"contentUrl\":\"https:\/\/www.renarde.sk\/nove\/wp-content\/uploads\/2023\/08\/cropped-logo-e1695207073255.jpg\",\"width\":350,\"height\":78,\"caption\":\"RENARDE s.r.o.\"},\"image\":{\"@id\":\"https:\/\/www.renarde.sk\/nove\/#\/schema\/logo\/image\/\"}}]}<\/script>\n<!-- \/ Yoast SEO plugin. -->","yoast_head_json":{"title":"Certifik\u00e1ty - RENARDE s.r.o.","robots":{"index":"index","follow":"follow","max-snippet":"max-snippet:-1","max-image-preview":"max-image-preview:large","max-video-preview":"max-video-preview:-1"},"canonical":"https:\/\/www.renarde.sk\/nove\/index.php\/certifikaty\/","og_locale":"sk_SK","og_type":"article","og_title":"Certifik\u00e1ty - RENARDE s.r.o.","og_url":"https:\/\/www.renarde.sk\/nove\/index.php\/certifikaty\/","og_site_name":"RENARDE s.r.o.","article_modified_time":"2023-09-20T19:20:01+00:00","og_image":[{"url":"https:\/\/www.renarde.sk\/nove\/wp-content\/uploads\/2023\/09\/01-738x1024.jpg"}],"twitter_card":"summary_large_image","twitter_misc":{"Predpokladan\u00fd \u010das \u010d\u00edtania":"1 min\u00fata"},"schema":{"@context":"https:\/\/schema.org","@graph":[{"@type":"WebPage","@id":"https:\/\/www.renarde.sk\/nove\/index.php\/certifikaty\/","url":"https:\/\/www.renarde.sk\/nove\/index.php\/certifikaty\/","name":"Certifik\u00e1ty - RENARDE s.r.o.","isPartOf":{"@id":"https:\/\/www.renarde.sk\/nove\/#website"},"datePublished":"2023-09-20T18:54:18+00:00","dateModified":"2023-09-20T19:20:01+00:00","breadcrumb":{"@id":"https:\/\/www.renarde.sk\/nove\/index.php\/certifikaty\/#breadcrumb"},"inLanguage":"sk-SK","potentialAction":[{"@type":"ReadAction","target":["https:\/\/www.renarde.sk\/nove\/index.php\/certifikaty\/"]}]},{"@type":"BreadcrumbList","@id":"https:\/\/www.renarde.sk\/nove\/index.php\/certifikaty\/#breadcrumb","itemListElement":[{"@type":"ListItem","position":1,"name":"Home","item":"https:\/\/www.renarde.sk\/nove\/"},{"@type":"ListItem","position":2,"name":"Certifik\u00e1ty"}]},{"@type":"WebSite","@id":"https:\/\/www.renarde.sk\/nove\/#website","url":"https:\/\/www.renarde.sk\/nove\/","name":"RENARDE s.r.o.","description":"IT slu\u017eby","publisher":{"@id":"https:\/\/www.renarde.sk\/nove\/#organization"},"potentialAction":[{"@type":"SearchAction","target":{"@type":"EntryPoint","urlTemplate":"https:\/\/www.renarde.sk\/nove\/?s={search_term_string}"},"query-input":"required name=search_term_string"}],"inLanguage":"sk-SK"},{"@type":"Organization","@id":"https:\/\/www.renarde.sk\/nove\/#organization","name":"RENARDE s.r.o.","url":"https:\/\/www.renarde.sk\/nove\/","logo":{"@type":"ImageObject","inLanguage":"sk-SK","@id":"https:\/\/www.renarde.sk\/nove\/#\/schema\/logo\/image\/","url":"https:\/\/www.renarde.sk\/nove\/wp-content\/uploads\/2023\/08\/cropped-logo-e1695207073255.jpg","contentUrl":"https:\/\/www.renarde.sk\/nove\/wp-content\/uploads\/2023\/08\/cropped-logo-e1695207073255.jpg","width":350,"height":78,"caption":"RENARDE s.r.o."},"image":{"@id":"https:\/\/www.renarde.sk\/nove\/#\/schema\/logo\/image\/"}}]}},"_links":{"self":[{"href":"https:\/\/www.renarde.sk\/nove\/index.php\/wp-json\/wp\/v2\/pages\/7006","targetHints":{"allow":["GET"]}}],"collection":[{"href":"https:\/\/www.renarde.sk\/nove\/index.php\/wp-json\/wp\/v2\/pages"}],"about":[{"href":"https:\/\/www.renarde.sk\/nove\/index.php\/wp-json\/wp\/v2\/types\/page"}],"author":[{"embeddable":true,"href":"https:\/\/www.renarde.sk\/nove\/index.php\/wp-json\/wp\/v2\/users\/1"}],"replies":[{"embeddable":true,"href":"https:\/\/www.renarde.sk\/nove\/index.php\/wp-json\/wp\/v2\/comments?post=7006"}],"version-history":[{"count":7,"href":"https:\/\/www.renarde.sk\/nove\/index.php\/wp-json\/wp\/v2\/pages\/7006\/revisions"}],"predecessor-version":[{"id":7023,"href":"https:\/\/www.renarde.sk\/nove\/index.php\/wp-json\/wp\/v2\/pages\/7006\/revisions\/7023"}],"wp:attachment":[{"href":"https:\/\/www.renarde.sk\/nove\/index.php\/wp-json\/wp\/v2\/media?parent=7006"}],"curies":[{"name":"wp","href":"https:\/\/api.w.org\/{rel}","templated":true}]}}